{"id":203,"date":"2018-06-25T12:15:44","date_gmt":"2018-06-25T12:15:44","guid":{"rendered":"http:\/\/demo.athemes.com\/atu-agency\/?page_id=4"},"modified":"2021-03-29T21:45:42","modified_gmt":"2021-03-29T21:45:42","slug":"home","status":"publish","type":"page","link":"https:\/\/www.sprawsobienapis.pl\/","title":{"rendered":"STRONA G\u0141\u00d3WNA"},"content":{"rendered":"\t\t<div data-elementor-type=\"wp-post\" data-elementor-id=\"203\" class=\"elementor elementor-203\" data-elementor-settings=\"[]\">\n\t\t\t\t\t\t\t<div class=\"elementor-section-wrap\">\n\t\t\t\t\t\t\t<section class=\"elementor-section elementor-top-section elementor-element elementor-element-5cb8b6d elementor-section-height-min-height elementor-section-boxed elementor-section-height-default elementor-section-items-middle\" data-id=\"5cb8b6d\" data-element_type=\"section\" data-settings=\"{&quot;background_background&quot;:&quot;classic&quot;}\">\n\t\t\t\t\t\t\t<div class=\"elementor-background-overlay\"><\/div>\n\t\t\t\t\t\t\t<div class=\"elementor-container elementor-column-gap-default\">\n\t\t\t\t\t<div class=\"elementor-column elementor-col-100 elementor-top-column elementor-element elementor-element-b907772\" data-id=\"b907772\" data-element_type=\"column\">\n\t\t\t<div class=\"elementor-widget-wrap elementor-element-populated\">\n\t\t\t\t\t\t\t\t<div class=\"elementor-element elementor-element-cc5f923 elementor-widget elementor-widget-spacer\" data-id=\"cc5f923\" data-element_type=\"widget\" data-widget_type=\"spacer.default\">\n\t\t\t\t<div class=\"elementor-widget-container\">\n\t\t\t\t\t<div class=\"elementor-spacer\">\n\t\t\t<div class=\"elementor-spacer-inner\"><\/div>\n\t\t<\/div>\n\t\t\t\t<\/div>\n\t\t\t\t<\/div>\n\t\t\t\t<div class=\"elementor-element elementor-element-6f6e030 elementor-widget elementor-widget-heading\" data-id=\"6f6e030\" data-element_type=\"widget\" data-widget_type=\"heading.default\">\n\t\t\t\t<div class=\"elementor-widget-container\">\n\t\t\t<h5 class=\"elementor-heading-title elementor-size-default\">napisy reklamowe<\/h5>\t\t<\/div>\n\t\t\t\t<\/div>\n\t\t\t\t<div class=\"elementor-element elementor-element-b9bccaa elementor-widget elementor-widget-text-editor\" data-id=\"b9bccaa\" data-element_type=\"widget\" data-widget_type=\"text-editor.default\">\n\t\t\t\t<div class=\"elementor-widget-container\">\n\t\t\t\t\t<div class=\"elementor-text-editor elementor-clearfix\"><p>przygotowujemy litery blokowe (3D), kasetony, neony i inne<\/p><\/div>\n\t\t\t\t<\/div>\n\t\t\t\t<\/div>\n\t\t\t\t<div class=\"elementor-element elementor-element-be5e841 elementor-align-center elementor-widget elementor-widget-button\" data-id=\"be5e841\" data-element_type=\"widget\" data-widget_type=\"button.default\">\n\t\t\t\t<div class=\"elementor-widget-container\">\n\t\t\t\t\t<div class=\"elementor-button-wrapper\">\n\t\t\t<a href=\"https:\/\/www.sprawsobienapis.pl\/index.php\/kontakt\/\" class=\"elementor-button-link elementor-button elementor-size-sm\" role=\"button\">\n\t\t\t\t\t\t<span class=\"elementor-button-content-wrapper\">\n\t\t\t\t\t\t<span class=\"elementor-button-text\">POPRO\u015a O WYCEN\u0118<\/span>\n\t\t<\/span>\n\t\t\t\t\t<\/a>\n\t\t<\/div>\n\t\t\t\t<\/div>\n\t\t\t\t<\/div>\n\t\t\t\t\t<\/div>\n\t\t<\/div>\n\t\t\t\t\t\t\t<\/div>\n\t\t<\/section>\n\t\t\t\t<section class=\"elementor-section elementor-top-section elementor-element elementor-element-cc5b436 elementor-section-boxed elementor-section-height-default elementor-section-height-default\" data-id=\"cc5b436\" data-element_type=\"section\" data-settings=\"{&quot;background_background&quot;:&quot;classic&quot;}\">\n\t\t\t\t\t\t<div class=\"elementor-container elementor-column-gap-default\">\n\t\t\t\t\t<div class=\"elementor-column elementor-col-100 elementor-top-column elementor-element elementor-element-f6f4bb5\" data-id=\"f6f4bb5\" data-element_type=\"column\">\n\t\t\t<div class=\"elementor-widget-wrap elementor-element-populated\">\n\t\t\t\t\t\t\t\t<div class=\"elementor-element elementor-element-9bad62a elementor-widget elementor-widget-heading\" data-id=\"9bad62a\" data-element_type=\"widget\" data-widget_type=\"heading.default\">\n\t\t\t\t<div class=\"elementor-widget-container\">\n\t\t\t<h2 class=\"elementor-heading-title elementor-size-default\">Nasza oferta<\/h2>\t\t<\/div>\n\t\t\t\t<\/div>\n\t\t\t\t<section class=\"elementor-section elementor-inner-section elementor-element elementor-element-bc1302a elementor-section-boxed elementor-section-height-default elementor-section-height-default\" data-id=\"bc1302a\" data-element_type=\"section\">\n\t\t\t\t\t\t<div class=\"elementor-container elementor-column-gap-wider\">\n\t\t\t\t\t<div class=\"elementor-column elementor-col-33 elementor-inner-column elementor-element elementor-element-7cf8841\" data-id=\"7cf8841\" data-element_type=\"column\">\n\t\t\t<div class=\"elementor-widget-wrap elementor-element-populated\">\n\t\t\t\t\t\t\t\t<div class=\"elementor-element elementor-element-fe9e4fb elementor-position-top elementor-vertical-align-top elementor-widget elementor-widget-image-box\" data-id=\"fe9e4fb\" data-element_type=\"widget\" data-widget_type=\"image-box.default\">\n\t\t\t\t<div class=\"elementor-widget-container\">\n\t\t\t<div class=\"elementor-image-box-wrapper\"><figure class=\"elementor-image-box-img\"><img width=\"128\" height=\"128\" src=\"https:\/\/www.sprawsobienapis.pl\/wp-content\/uploads\/2021\/03\/b-1.png\" class=\"attachment-full size-full\" alt=\"\" loading=\"lazy\" \/><\/figure><div class=\"elementor-image-box-content\"><h3 class=\"elementor-image-box-title\">Wycena<\/h3><p class=\"elementor-image-box-description\"><br>Opisz nam kr\u00f3tko, czego potrzebujesz. Wype\u0142nij formularz, a my przygotujemy dla Ciebie wycen\u0119.<\/p><\/div><\/div>\t\t<\/div>\n\t\t\t\t<\/div>\n\t\t\t\t\t<\/div>\n\t\t<\/div>\n\t\t\t\t<div class=\"elementor-column elementor-col-33 elementor-inner-column elementor-element elementor-element-0936230\" data-id=\"0936230\" data-element_type=\"column\">\n\t\t\t<div class=\"elementor-widget-wrap elementor-element-populated\">\n\t\t\t\t\t\t\t\t<div class=\"elementor-element elementor-element-8af58ca elementor-position-top elementor-vertical-align-top elementor-widget elementor-widget-image-box\" data-id=\"8af58ca\" data-element_type=\"widget\" data-widget_type=\"image-box.default\">\n\t\t\t\t<div class=\"elementor-widget-container\">\n\t\t\t<div class=\"elementor-image-box-wrapper\"><figure class=\"elementor-image-box-img\"><img width=\"128\" height=\"128\" src=\"https:\/\/www.sprawsobienapis.pl\/wp-content\/uploads\/2021\/03\/a-1.png\" class=\"attachment-full size-full\" alt=\"\" loading=\"lazy\" \/><\/figure><div class=\"elementor-image-box-content\"><h3 class=\"elementor-image-box-title\">Wizualizacja<\/h3><p class=\"elementor-image-box-description\"><br>Je\u015bli wycena b\u0119dzie Ci odpowiada\u0107, w kolejnym kroku otrzymasz od nas wizualizacj\u0119 projektu.<\/p><\/div><\/div>\t\t<\/div>\n\t\t\t\t<\/div>\n\t\t\t\t\t<\/div>\n\t\t<\/div>\n\t\t\t\t<div class=\"elementor-column elementor-col-33 elementor-inner-column elementor-element elementor-element-c812094\" data-id=\"c812094\" data-element_type=\"column\">\n\t\t\t<div class=\"elementor-widget-wrap elementor-element-populated\">\n\t\t\t\t\t\t\t\t<div class=\"elementor-element elementor-element-4e772d0 elementor-position-top elementor-vertical-align-top elementor-widget elementor-widget-image-box\" data-id=\"4e772d0\" data-element_type=\"widget\" data-widget_type=\"image-box.default\">\n\t\t\t\t<div class=\"elementor-widget-container\">\n\t\t\t<div class=\"elementor-image-box-wrapper\"><figure class=\"elementor-image-box-img\"><img width=\"128\" height=\"128\" src=\"https:\/\/www.sprawsobienapis.pl\/wp-content\/uploads\/2021\/03\/c-1.png\" class=\"attachment-full size-full\" alt=\"\" loading=\"lazy\" \/><\/figure><div class=\"elementor-image-box-content\"><h3 class=\"elementor-image-box-title\">Wykonanie<\/h3><p class=\"elementor-image-box-description\"><br>Po zaakceptowaniu wizualizacji przygotujemy Tw\u00f3j napis.<\/p><\/div><\/div>\t\t<\/div>\n\t\t\t\t<\/div>\n\t\t\t\t\t<\/div>\n\t\t<\/div>\n\t\t\t\t\t\t\t<\/div>\n\t\t<\/section>\n\t\t\t\t<div class=\"elementor-element elementor-element-0afba75 elementor-widget-divider--view-line elementor-widget elementor-widget-divider\" data-id=\"0afba75\" data-element_type=\"widget\" data-widget_type=\"divider.default\">\n\t\t\t\t<div class=\"elementor-widget-container\">\n\t\t\t\t\t<div class=\"elementor-divider\">\n\t\t\t<span class=\"elementor-divider-separator\">\n\t\t\t\t\t\t<\/span>\n\t\t<\/div>\n\t\t\t\t<\/div>\n\t\t\t\t<\/div>\n\t\t\t\t<div class=\"elementor-element elementor-element-86f94a8 elementor-widget elementor-widget-text-editor\" data-id=\"86f94a8\" data-element_type=\"widget\" data-widget_type=\"text-editor.default\">\n\t\t\t\t<div class=\"elementor-widget-container\">\n\t\t\t\t\t<div class=\"elementor-text-editor elementor-clearfix\"><p>Je\u015bli szukasz wykonawcy napisu reklamowego, zapraszamy do\u00a0<a href=\"https:\/\/www.sprawsobienapis.pl\/index.php\/kontakt\/\">kontaktu<\/a>.<\/p><p>Ch\u0119tnie odpowiemy na wszelkie pytania.<\/p><\/div>\n\t\t\t\t<\/div>\n\t\t\t\t<\/div>\n\t\t\t\t\t<\/div>\n\t\t<\/div>\n\t\t\t\t\t\t\t<\/div>\n\t\t<\/section>\n\t\t\t\t<section class=\"elementor-section elementor-top-section elementor-element elementor-element-fbc8976 elementor-section-boxed elementor-section-height-default elementor-section-height-default\" data-id=\"fbc8976\" data-element_type=\"section\">\n\t\t\t\t\t\t<div class=\"elementor-container elementor-column-gap-wide\">\n\t\t\t\t\t<div class=\"elementor-column elementor-col-50 elementor-top-column elementor-element elementor-element-f591a66\" data-id=\"f591a66\" data-element_type=\"column\">\n\t\t\t<div class=\"elementor-widget-wrap elementor-element-populated\">\n\t\t\t\t\t\t\t\t<div class=\"elementor-element elementor-element-00865d6 elementor-widget elementor-widget-heading\" data-id=\"00865d6\" data-element_type=\"widget\" data-widget_type=\"heading.default\">\n\t\t\t\t<div class=\"elementor-widget-container\">\n\t\t\t<h2 class=\"elementor-heading-title elementor-size-default\">Ma\u0142a, lokalna firma, kt\u00f3ra sprawi, \u017ce Ci\u0119 zauwa\u017c\u0105<\/h2>\t\t<\/div>\n\t\t\t\t<\/div>\n\t\t\t\t<div class=\"elementor-element elementor-element-5eb3b73 elementor-widget elementor-widget-text-editor\" data-id=\"5eb3b73\" data-element_type=\"widget\" data-widget_type=\"text-editor.default\">\n\t\t\t\t<div class=\"elementor-widget-container\">\n\t\t\t\t\t<div class=\"elementor-text-editor elementor-clearfix\">Napisy reklamowe pozostaj\u0105 jednym z najwa\u017cniejszych element\u00f3w komunikacji z klientem. Dobry projekt zwr\u00f3ci uwag\u0119 ka\u017cdego przechodnia, a Twoi klienci nie b\u0119d\u0105 mieli problemu z odnalezieniem Twojej siedziby.<\/div>\n\t\t\t\t<\/div>\n\t\t\t\t<\/div>\n\t\t\t\t<div class=\"elementor-element elementor-element-6477d8a elementor-widget elementor-widget-text-editor\" data-id=\"6477d8a\" data-element_type=\"widget\" data-widget_type=\"text-editor.default\">\n\t\t\t\t<div class=\"elementor-widget-container\">\n\t\t\t\t\t<div class=\"elementor-text-editor elementor-clearfix\">Od kilku lat przygotowujemy napisy reklamowe dla okolicznych firm w postaci liter blokowych, kaseton\u00f3w i neon\u00f3w. Mo\u017cna u nas zam\u00f3wi\u0107 tak\u017ce napisy mniej typowe\u00a0\u2013 podnoszone czy zasilane panelami solarnymi.<\/div>\n\t\t\t\t<\/div>\n\t\t\t\t<\/div>\n\t\t\t\t<div class=\"elementor-element elementor-element-1bcfc3d elementor-align-left elementor-widget elementor-widget-button\" data-id=\"1bcfc3d\" data-element_type=\"widget\" data-widget_type=\"button.default\">\n\t\t\t\t<div class=\"elementor-widget-container\">\n\t\t\t\t\t<div class=\"elementor-button-wrapper\">\n\t\t\t<a href=\"https:\/\/www.sprawsobienapis.pl\/index.php\/o-nas\/\" class=\"elementor-button-link elementor-button elementor-size-sm\" role=\"button\">\n\t\t\t\t\t\t<span class=\"elementor-button-content-wrapper\">\n\t\t\t\t\t\t<span class=\"elementor-button-text\">CZYTAJ WI\u0118CEJ<\/span>\n\t\t<\/span>\n\t\t\t\t\t<\/a>\n\t\t<\/div>\n\t\t\t\t<\/div>\n\t\t\t\t<\/div>\n\t\t\t\t\t<\/div>\n\t\t<\/div>\n\t\t\t\t<div class=\"elementor-column elementor-col-50 elementor-top-column elementor-element elementor-element-3917de8\" data-id=\"3917de8\" data-element_type=\"column\">\n\t\t\t<div class=\"elementor-widget-wrap elementor-element-populated\">\n\t\t\t\t\t\t\t\t<div class=\"elementor-element elementor-element-b327377 elementor-widget elementor-widget-image\" data-id=\"b327377\" data-element_type=\"widget\" data-widget_type=\"image.default\">\n\t\t\t\t<div class=\"elementor-widget-container\">\n\t\t\t\t\t<div class=\"elementor-image\">\n\t\t\t\t\t\t\t\t\t\t<img width=\"1024\" height=\"768\" src=\"https:\/\/www.sprawsobienapis.pl\/wp-content\/uploads\/2021\/03\/CAM00061-1024x768.jpg\" class=\"attachment-large size-large\" alt=\"\" loading=\"lazy\" srcset=\"https:\/\/www.sprawsobienapis.pl\/wp-content\/uploads\/2021\/03\/CAM00061-1024x768.jpg 1024w, https:\/\/www.sprawsobienapis.pl\/wp-content\/uploads\/2021\/03\/CAM00061-300x225.jpg 300w, https:\/\/www.sprawsobienapis.pl\/wp-content\/uploads\/2021\/03\/CAM00061-768x576.jpg 768w, https:\/\/www.sprawsobienapis.pl\/wp-content\/uploads\/2021\/03\/CAM00061-720x540.jpg 720w, https:\/\/www.sprawsobienapis.pl\/wp-content\/uploads\/2021\/03\/CAM00061.jpg 1296w\" sizes=\"(max-width: 1024px) 100vw, 1024px\" \/>\t\t\t\t\t\t\t\t\t\t\t<\/div>\n\t\t\t\t<\/div>\n\t\t\t\t<\/div>\n\t\t\t\t\t<\/div>\n\t\t<\/div>\n\t\t\t\t\t\t\t<\/div>\n\t\t<\/section>\n\t\t\t\t<section class=\"elementor-section elementor-top-section elementor-element elementor-element-c0e1e83 elementor-section-full_width elementor-section-height-default elementor-section-height-default\" data-id=\"c0e1e83\" data-element_type=\"section\">\n\t\t\t\t\t\t<div class=\"elementor-container elementor-column-gap-default\">\n\t\t\t\t\t<div class=\"elementor-column elementor-col-100 elementor-top-column elementor-element elementor-element-1dfc573\" data-id=\"1dfc573\" data-element_type=\"column\">\n\t\t\t<div class=\"elementor-widget-wrap elementor-element-populated\">\n\t\t\t\t\t\t\t\t<div class=\"elementor-element elementor-element-e2717e7 elementor-widget elementor-widget-heading\" data-id=\"e2717e7\" data-element_type=\"widget\" data-widget_type=\"heading.default\">\n\t\t\t\t<div class=\"elementor-widget-container\">\n\t\t\t<h2 class=\"elementor-heading-title elementor-size-default\">Nasze realizacje<\/h2>\t\t<\/div>\n\t\t\t\t<\/div>\n\t\t\t\t<div class=\"elementor-element elementor-element-d6e69fb elementor-widget elementor-widget-text-editor\" data-id=\"d6e69fb\" data-element_type=\"widget\" data-widget_type=\"text-editor.default\">\n\t\t\t\t<div class=\"elementor-widget-container\">\n\t\t\t\t\t<div class=\"elementor-text-editor elementor-clearfix\"><p>By zobaczy\u0107 wi\u0119cej przyk\u0142ad\u00f3w naszych prac, przejd\u017a do <a href=\"https:\/\/www.sprawsobienapis.pl\/index.php\/galeria\/\">galerii<\/a>.<\/p><\/div>\n\t\t\t\t<\/div>\n\t\t\t\t<\/div>\n\t\t\t\t<div class=\"elementor-element elementor-element-91f1377 elementor-widget elementor-widget-image-gallery\" data-id=\"91f1377\" data-element_type=\"widget\" data-widget_type=\"image-gallery.default\">\n\t\t\t\t<div class=\"elementor-widget-container\">\n\t\t\t\t\t<div class=\"elementor-image-gallery\">\n\t\t\t<div id='gallery-1' class='gallery galleryid-203 gallery-columns-5 gallery-size-airi-390-280'><figure class='gallery-item'>\n\t\t\t<div class='gallery-icon landscape'>\n\t\t\t\t<a data-elementor-open-lightbox=\"yes\" data-elementor-lightbox-slideshow=\"91f1377\" href='https:\/\/www.sprawsobienapis.pl\/wp-content\/uploads\/2021\/03\/IMG_20200728_135824.jpg'><img width=\"390\" height=\"280\" src=\"https:\/\/www.sprawsobienapis.pl\/wp-content\/uploads\/2021\/03\/IMG_20200728_135824-390x280.jpg\" class=\"attachment-airi-390-280 size-airi-390-280\" alt=\"\" loading=\"lazy\" \/><\/a>\n\t\t\t<\/div><\/figure><figure class='gallery-item'>\n\t\t\t<div class='gallery-icon landscape'>\n\t\t\t\t<a data-elementor-open-lightbox=\"yes\" data-elementor-lightbox-slideshow=\"91f1377\" data-elementor-lightbox-title=\"20191011_130515\" href='https:\/\/www.sprawsobienapis.pl\/wp-content\/uploads\/2021\/03\/20191011_130515.jpg'><img width=\"390\" height=\"280\" src=\"https:\/\/www.sprawsobienapis.pl\/wp-content\/uploads\/2021\/03\/20191011_130515-390x280.jpg\" class=\"attachment-airi-390-280 size-airi-390-280\" alt=\"\" loading=\"lazy\" \/><\/a>\n\t\t\t<\/div><\/figure><figure class='gallery-item'>\n\t\t\t<div class='gallery-icon landscape'>\n\t\t\t\t<a data-elementor-open-lightbox=\"yes\" data-elementor-lightbox-slideshow=\"91f1377\" data-elementor-lightbox-title=\"20181117_125602\" href='https:\/\/www.sprawsobienapis.pl\/wp-content\/uploads\/2021\/03\/20181117_125602.jpg'><img width=\"390\" height=\"280\" src=\"https:\/\/www.sprawsobienapis.pl\/wp-content\/uploads\/2021\/03\/20181117_125602-390x280.jpg\" class=\"attachment-airi-390-280 size-airi-390-280\" alt=\"\" loading=\"lazy\" \/><\/a>\n\t\t\t<\/div><\/figure><figure class='gallery-item'>\n\t\t\t<div class='gallery-icon landscape'>\n\t\t\t\t<a data-elementor-open-lightbox=\"yes\" data-elementor-lightbox-slideshow=\"91f1377\" data-elementor-lightbox-title=\"20160824_162010\" href='https:\/\/www.sprawsobienapis.pl\/wp-content\/uploads\/2021\/03\/20160824_162010.jpg'><img width=\"390\" height=\"280\" src=\"https:\/\/www.sprawsobienapis.pl\/wp-content\/uploads\/2021\/03\/20160824_162010-390x280.jpg\" class=\"attachment-airi-390-280 size-airi-390-280\" alt=\"\" loading=\"lazy\" \/><\/a>\n\t\t\t<\/div><\/figure><figure class='gallery-item'>\n\t\t\t<div class='gallery-icon landscape'>\n\t\t\t\t<a data-elementor-open-lightbox=\"yes\" data-elementor-lightbox-slideshow=\"91f1377\" data-elementor-lightbox-title=\"20160827_094905\" href='https:\/\/www.sprawsobienapis.pl\/wp-content\/uploads\/2021\/03\/20160827_094905.jpg'><img width=\"390\" height=\"280\" src=\"https:\/\/www.sprawsobienapis.pl\/wp-content\/uploads\/2021\/03\/20160827_094905-390x280.jpg\" class=\"attachment-airi-390-280 size-airi-390-280\" alt=\"\" loading=\"lazy\" \/><\/a>\n\t\t\t<\/div><\/figure>\n\t\t<\/div>\n\t\t<\/div>\n\t\t\t\t<\/div>\n\t\t\t\t<\/div>\n\t\t\t\t\t<\/div>\n\t\t<\/div>\n\t\t\t\t\t\t\t<\/div>\n\t\t<\/section>\n\t\t\t\t\t\t<\/div>\n\t\t\t\t\t<\/div>\n\t\t","protected":false},"excerpt":{"rendered":"<p>napisy reklamowe przygotowujemy litery blokowe (3D), kasetony, neony i inne POPRO\u015a O WYCEN\u0118 Nasza oferta Wycena Opisz nam kr\u00f3tko, czego [&hellip;]<\/p>\n","protected":false},"author":1,"featured_media":0,"parent":0,"menu_order":0,"comment_status":"closed","ping_status":"closed","template":"page-templates\/template_page-builder.php","meta":[],"_links":{"self":[{"href":"https:\/\/www.sprawsobienapis.pl\/index.php\/wp-json\/wp\/v2\/pages\/203"}],"collection":[{"href":"https:\/\/www.sprawsobienapis.pl\/index.php\/wp-json\/wp\/v2\/pages"}],"about":[{"href":"https:\/\/www.sprawsobienapis.pl\/index.php\/wp-json\/wp\/v2\/types\/page"}],"author":[{"embeddable":true,"href":"https:\/\/www.sprawsobienapis.pl\/index.php\/wp-json\/wp\/v2\/users\/1"}],"replies":[{"embeddable":true,"href":"https:\/\/www.sprawsobienapis.pl\/index.php\/wp-json\/wp\/v2\/comments?post=203"}],"version-history":[{"count":50,"href":"https:\/\/www.sprawsobienapis.pl\/index.php\/wp-json\/wp\/v2\/pages\/203\/revisions"}],"predecessor-version":[{"id":568,"href":"https:\/\/www.sprawsobienapis.pl\/index.php\/wp-json\/wp\/v2\/pages\/203\/revisions\/568"}],"wp:attachment":[{"href":"https:\/\/www.sprawsobienapis.pl\/index.php\/wp-json\/wp\/v2\/media?parent=203"}],"curies":[{"name":"wp","href":"https:\/\/api.w.org\/{rel}","templated":true}]}}