{"id":447,"date":"2021-03-29T20:01:58","date_gmt":"2021-03-29T20:01:58","guid":{"rendered":"https:\/\/www.sprawsobienapis.pl\/?page_id=447"},"modified":"2021-03-29T21:07:50","modified_gmt":"2021-03-29T21:07:50","slug":"o-nas","status":"publish","type":"page","link":"https:\/\/www.sprawsobienapis.pl\/index.php\/o-nas\/","title":{"rendered":"O NAS"},"content":{"rendered":"\t\t<div data-elementor-type=\"wp-page\" data-elementor-id=\"447\" class=\"elementor elementor-447\" data-elementor-settings=\"[]\">\n\t\t\t\t\t\t\t<div class=\"elementor-section-wrap\">\n\t\t\t\t\t\t\t<section class=\"elementor-section elementor-top-section elementor-element elementor-element-2cadaa81 elementor-section-boxed elementor-section-height-default elementor-section-height-default\" data-id=\"2cadaa81\" data-element_type=\"section\" data-settings=\"{&quot;background_background&quot;:&quot;classic&quot;}\">\n\t\t\t\t\t\t<div class=\"elementor-container elementor-column-gap-wider\">\n\t\t\t\t\t<div class=\"elementor-column elementor-col-50 elementor-top-column elementor-element elementor-element-78d2e343\" data-id=\"78d2e343\" data-element_type=\"column\">\n\t\t\t<div class=\"elementor-widget-wrap elementor-element-populated\">\n\t\t\t\t\t\t\t\t<div class=\"elementor-element elementor-element-24b367e0 elementor-widget elementor-widget-heading\" data-id=\"24b367e0\" data-element_type=\"widget\" data-widget_type=\"heading.default\">\n\t\t\t\t<div class=\"elementor-widget-container\">\n\t\t\t<h2 class=\"elementor-heading-title elementor-size-default\">Czym si\u0119 zajmujemy<\/h2>\t\t<\/div>\n\t\t\t\t<\/div>\n\t\t\t\t<div class=\"elementor-element elementor-element-467b947 elementor-widget elementor-widget-text-editor\" data-id=\"467b947\" data-element_type=\"widget\" data-widget_type=\"text-editor.default\">\n\t\t\t\t<div class=\"elementor-widget-container\">\n\t\t\t\t\t<div class=\"elementor-text-editor elementor-clearfix\"><p>Od kilku lat przygotowujemy napisy reklamowe w r\u00f3\u017cnych technologiach. Wykonujemy zlecenie bezpo\u015brednie oraz \u015bwiadczymy us\u0142ugi podwykonawcze dla agencji reklamowych.<\/p><p>Co mo\u017cemy dla Ciebie przygotowa\u0107:<\/p><p>\u2013 litery przestrzenne (blokowe, 3D) \u2013\u00a0plexi, metal, kompozyt<br \/>\u2013\u00a0pod\u015bwietlane kasetony<br \/>\u2013\u00a0neony klasyczne i neony LED<br \/>\u2013\u00a0napisy podnoszone<br \/>\u2013\u00a0napisy zasilane panelami solarnymi<\/p><p>Je\u015bli potrzebujesz czego\u015b niestandardowego, (szczeg\u00f3lnie je\u015bli wymaga to frezowania, wycinania laserowego),\u00a0<a href=\"https:\/\/www.sprawsobienapis.pl\/index.php\/kontakt\/\">napisz do nas<\/a>, a my zobaczymy, co da si\u0119 zrobi\u0107. Poni\u017cej przedstawiamy przyk\u0142adowe, mniej typowe zlecenie.<\/p><\/div>\n\t\t\t\t<\/div>\n\t\t\t\t<\/div>\n\t\t\t\t\t<\/div>\n\t\t<\/div>\n\t\t\t\t<div class=\"elementor-column elementor-col-50 elementor-top-column elementor-element elementor-element-37f1dd6c\" data-id=\"37f1dd6c\" data-element_type=\"column\">\n\t\t\t<div class=\"elementor-widget-wrap elementor-element-populated\">\n\t\t\t\t\t\t\t\t<div class=\"elementor-element elementor-element-73340c8a elementor-widget elementor-widget-image\" data-id=\"73340c8a\" data-element_type=\"widget\" data-widget_type=\"image.default\">\n\t\t\t\t<div class=\"elementor-widget-container\">\n\t\t\t\t\t<div class=\"elementor-image\">\n\t\t\t\t\t\t\t\t\t\t<img width=\"1024\" height=\"768\" src=\"https:\/\/www.sprawsobienapis.pl\/wp-content\/uploads\/2021\/03\/CAM00062-1024x768.jpg\" class=\"attachment-large size-large\" alt=\"\" loading=\"lazy\" srcset=\"https:\/\/www.sprawsobienapis.pl\/wp-content\/uploads\/2021\/03\/CAM00062-1024x768.jpg 1024w, https:\/\/www.sprawsobienapis.pl\/wp-content\/uploads\/2021\/03\/CAM00062-300x225.jpg 300w, https:\/\/www.sprawsobienapis.pl\/wp-content\/uploads\/2021\/03\/CAM00062-768x576.jpg 768w, https:\/\/www.sprawsobienapis.pl\/wp-content\/uploads\/2021\/03\/CAM00062-720x540.jpg 720w, https:\/\/www.sprawsobienapis.pl\/wp-content\/uploads\/2021\/03\/CAM00062.jpg 1296w\" sizes=\"(max-width: 1024px) 100vw, 1024px\" \/>\t\t\t\t\t\t\t\t\t\t\t<\/div>\n\t\t\t\t<\/div>\n\t\t\t\t<\/div>\n\t\t\t\t\t<\/div>\n\t\t<\/div>\n\t\t\t\t\t\t\t<\/div>\n\t\t<\/section>\n\t\t\t\t<section class=\"elementor-section elementor-top-section elementor-element elementor-element-23a2c0b3 elementor-section-boxed elementor-section-height-default elementor-section-height-default\" data-id=\"23a2c0b3\" data-element_type=\"section\">\n\t\t\t\t\t\t<div class=\"elementor-container elementor-column-gap-default\">\n\t\t\t\t\t<div class=\"elementor-column elementor-col-100 elementor-top-column elementor-element elementor-element-1979629\" data-id=\"1979629\" data-element_type=\"column\">\n\t\t\t<div class=\"elementor-widget-wrap elementor-element-populated\">\n\t\t\t\t\t\t\t\t<div class=\"elementor-element elementor-element-76029c19 elementor-widget elementor-widget-heading\" data-id=\"76029c19\" data-element_type=\"widget\" data-widget_type=\"heading.default\">\n\t\t\t\t<div class=\"elementor-widget-container\">\n\t\t\t<h2 class=\"elementor-heading-title elementor-size-default\">Przyk\u0142adowa realizacja niestandardowego projektu<\/h2>\t\t<\/div>\n\t\t\t\t<\/div>\n\t\t\t\t<div class=\"elementor-element elementor-element-69b791f0 elementor-aspect-ratio-169 elementor-widget elementor-widget-video\" data-id=\"69b791f0\" data-element_type=\"widget\" data-settings=\"{&quot;youtube_url&quot;:&quot;https:\\\/\\\/youtu.be\\\/dW3Y7L0w9gM&quot;,&quot;video_type&quot;:&quot;youtube&quot;,&quot;controls&quot;:&quot;yes&quot;,&quot;aspect_ratio&quot;:&quot;169&quot;}\" data-widget_type=\"video.default\">\n\t\t\t\t<div class=\"elementor-widget-container\">\n\t\t\t\t\t<div class=\"elementor-wrapper elementor-fit-aspect-ratio elementor-open-inline\">\n\t\t\t<div class=\"elementor-video\"><\/div>\t\t<\/div>\n\t\t\t\t<\/div>\n\t\t\t\t<\/div>\n\t\t\t\t\t<\/div>\n\t\t<\/div>\n\t\t\t\t\t\t\t<\/div>\n\t\t<\/section>\n\t\t\t\t\t\t<\/div>\n\t\t\t\t\t<\/div>\n\t\t","protected":false},"excerpt":{"rendered":"<p>Czym si\u0119 zajmujemy Od kilku lat przygotowujemy napisy reklamowe w r\u00f3\u017cnych technologiach. Wykonujemy zlecenie bezpo\u015brednie oraz \u015bwiadczymy us\u0142ugi podwykonawcze dla [&hellip;]<\/p>\n","protected":false},"author":1,"featured_media":0,"parent":0,"menu_order":0,"comment_status":"closed","ping_status":"closed","template":"elementor_header_footer","meta":[],"_links":{"self":[{"href":"https:\/\/www.sprawsobienapis.pl\/index.php\/wp-json\/wp\/v2\/pages\/447"}],"collection":[{"href":"https:\/\/www.sprawsobienapis.pl\/index.php\/wp-json\/wp\/v2\/pages"}],"about":[{"href":"https:\/\/www.sprawsobienapis.pl\/index.php\/wp-json\/wp\/v2\/types\/page"}],"author":[{"embeddable":true,"href":"https:\/\/www.sprawsobienapis.pl\/index.php\/wp-json\/wp\/v2\/users\/1"}],"replies":[{"embeddable":true,"href":"https:\/\/www.sprawsobienapis.pl\/index.php\/wp-json\/wp\/v2\/comments?post=447"}],"version-history":[{"count":25,"href":"https:\/\/www.sprawsobienapis.pl\/index.php\/wp-json\/wp\/v2\/pages\/447\/revisions"}],"predecessor-version":[{"id":532,"href":"https:\/\/www.sprawsobienapis.pl\/index.php\/wp-json\/wp\/v2\/pages\/447\/revisions\/532"}],"wp:attachment":[{"href":"https:\/\/www.sprawsobienapis.pl\/index.php\/wp-json\/wp\/v2\/media?parent=447"}],"curies":[{"name":"wp","href":"https:\/\/api.w.org\/{rel}","templated":true}]}}